{"id":1292,"date":"2018-07-16T11:49:30","date_gmt":"2018-07-16T14:49:30","guid":{"rendered":"http:\/\/www.probidadenchile.cl\/wp\/?page_id=1292"},"modified":"2018-09-15T15:24:34","modified_gmt":"2018-09-15T18:24:34","slug":"articulos","status":"publish","type":"page","link":"https:\/\/www.probidadenchile.cl\/wp\/articulos\/","title":{"rendered":"ART\u00cdCULOS"},"content":{"rendered":"<h2>\n<ul>\n<li>\n    <a href=\"http:\/\/www.probidadenchile.cl\/wp\/articulos\/articulos-sobre-etica-publica\/\" >Sobre \u00c9tica, probidad y corrupci\u00f3n<\/a>\n   <\/li>\n<li>\n    <a href=\"http:\/\/www.probidadenchile.cl\/wp\/articulos\/articulos-de-derechos-humanos\/\" >Sobre DDHH y dictadura<\/a>\n   <\/li>\n<li>\n    <a href=\"http:\/\/www.probidadenchile.cl\/wp\/articulos\/articulos-sobre-modernizacion-de-la-gestion-publica\/\" >Sobre Admimnistraci\u00f3n P\u00fablica Participativa<\/a>\n   <\/li>\n<li>\n    <a href=\"\" >Sobre Pol\u00edtica y Varios<\/a>\n   <\/li>\n<li>\n    <a href=\"\" >Arte y Literatura<\/a>\n   <\/li>\n<ul>\n<\/h2>\n","protected":false},"excerpt":{"rendered":"<p>Sobre \u00c9tica, probidad y corrupci\u00f3n Sobre DDHH y dictadura Sobre Admimnistraci\u00f3n P\u00fablica Participativa Sobre Pol\u00edtica y Varios Arte y Literatura<\/p>\n","protected":false},"author":1,"featured_media":0,"parent":0,"menu_order":0,"comment_status":"closed","ping_status":"closed","template":"","meta":{"footnotes":""},"class_list":["post-1292","page","type-page","status-publish","hentry"],"_links":{"self":[{"href":"https:\/\/www.probidadenchile.cl\/wp\/wp-json\/wp\/v2\/pages\/1292","targetHints":{"allow":["GET"]}}],"collection":[{"href":"https:\/\/www.probidadenchile.cl\/wp\/wp-json\/wp\/v2\/pages"}],"about":[{"href":"https:\/\/www.probidadenchile.cl\/wp\/wp-json\/wp\/v2\/types\/page"}],"author":[{"embeddable":true,"href":"https:\/\/www.probidadenchile.cl\/wp\/wp-json\/wp\/v2\/users\/1"}],"replies":[{"embeddable":true,"href":"https:\/\/www.probidadenchile.cl\/wp\/wp-json\/wp\/v2\/comments?post=1292"}],"version-history":[{"count":15,"href":"https:\/\/www.probidadenchile.cl\/wp\/wp-json\/wp\/v2\/pages\/1292\/revisions"}],"predecessor-version":[{"id":1379,"href":"https:\/\/www.probidadenchile.cl\/wp\/wp-json\/wp\/v2\/pages\/1292\/revisions\/1379"}],"wp:attachment":[{"href":"https:\/\/www.probidadenchile.cl\/wp\/wp-json\/wp\/v2\/media?parent=1292"}],"curies":[{"name":"wp","href":"https:\/\/api.w.org\/{rel}","templated":true}]}}