{"id":438,"date":"2015-04-12T17:37:44","date_gmt":"2015-04-12T20:37:44","guid":{"rendered":"http:\/\/www.probidadenchile.cl\/wp\/?page_id=438"},"modified":"2018-10-17T13:36:21","modified_gmt":"2018-10-17T16:36:21","slug":"articulos-de-derechos-humanos","status":"publish","type":"page","link":"https:\/\/www.probidadenchile.cl\/wp\/articulos\/articulos-de-derechos-humanos\/","title":{"rendered":"Art\u00edculos de Derechos Humanos"},"content":{"rendered":"<p style=\"text-align: justify;\"><span style=\"color: #000000;\">Art\u00edculos de Derechos Humanos, especialmente sobre violaciones a esos derechos. Informes presentados ante algunas instituciones. Los \u00faltimos son: sobre el Instituto Nacional de Derechos Humanos y las maniobras de Viera-Gallo, donde se olvidan los principios y se acepta &#8220;lo posible&#8221;. Se coloc\u00f3 el 15 de septiembre de 2007. El 10 de octubre del 2007 se incorpor\u00f3 en PDF el art\u00edculo de Hugo Fr\u00fchling y Patricio Orellana &#8220;Organizaciones no gubernamentales de derechos humanos bajo reg\u00edmenes auroritarios y en la transici\u00f3n democr\u00e1tica. El caso chileno desde una perspectiva comparada&#8221;, Este art\u00edculo de 60 p\u00e1ginas aparece en el libro &#8220;Derechos Humanos y democracia. La contribuci\u00f3n de las organizaciones no gubernamentales&#8221; cuyo editor es Hugo Fr\u00fchling y que fue publicado por el Instituto Interamericano de Derechos Humanos en 1991 (Inscripci\u00f3n N\u00b0 78.261, enero de 1991).El 15 de noviembre de 2007 se incorpor\u00f3 el art\u00edculo: &#8220;La derecha chilena y los derechos humanos&#8221;.<\/span><\/p>\n<ul>\n<li><a href=\"http:\/\/www.probidadenchile.cl\/wp\/?p=102\">Organizaciones No Gubernamentales en Derechos Humanos<\/a><img loading=\"lazy\" decoding=\"async\" class=\"alignright wp-image-716\" src=\"http:\/\/www.probidadenchile.cl\/wp\/wp-content\/uploads\/Ldhdemo.jpg\" alt=\"Ldhdemo\" width=\"119\" height=\"166\" \/><img loading=\"lazy\" decoding=\"async\" class=\"alignright wp-image-714\" src=\"http:\/\/www.probidadenchile.cl\/wp\/wp-content\/uploads\/caseofchile.jpg\" alt=\"caseofchile\" width=\"130\" height=\"167\" \/><\/li>\n<li><a href=\"http:\/\/www.probidadenchile.cl\/wp\/?p=104\">Violaciones a los Derechos Humanos y Conflictos Pendientes<\/a><\/li>\n<li><a href=\"http:\/\/www.probidadenchile.cl\/wp\/?p=106\">Una fecha trascendente para la humanidad<\/a><\/li>\n<li><a href=\"http:\/\/www.probidadenchile.cl\/wp\/?p=108\">Bienvenida la injerencia<\/a><\/li>\n<li><a href=\"http:\/\/www.probidadenchile.cl\/wp\/?p=110\">La informaci\u00f3n militar<\/a><\/li>\n<li><a href=\" http:\/\/www.probidadenchile.cl\/wp\/?p=112\">\u00bfNunca m\u00e1s?<\/a><\/li>\n<li><a href=\"http:\/\/www.probidadenchile.cl\/wp\/?p=114\">Carreristas y O\u00b4Higginistas<\/a><\/li>\n<li><a href=\"http:\/\/www.probidadenchile.cl\/wp\/?p=116\">Homenaje a los estudiantes<\/a><\/li>\n<li><a href=\"http:\/\/www.probidadenchile.cl\/wp\/?p=118\">El holocausto y el genio jud\u00edo<\/a><img loading=\"lazy\" decoding=\"async\" class=\"alignright wp-image-718\" src=\"http:\/\/www.probidadenchile.cl\/wp\/wp-content\/uploads\/ordinateur.jpg\" alt=\"ordinateur\" width=\"128\" height=\"183\" \/><img loading=\"lazy\" decoding=\"async\" class=\"alignright wp-image-717\" src=\"http:\/\/www.probidadenchile.cl\/wp\/wp-content\/uploads\/memoria.jpg\" alt=\"memoria\" width=\"130\" height=\"184\" \/><\/li>\n<li><a href=\"http:\/\/www.probidadenchile.cl\/wp\/?p=120\">Hacia la impunidad total<\/a><\/li>\n<li><a href=\"http:\/\/www.probidadenchile.cl\/wp\/?p=122\">Las confusiones del senador<\/a><\/li>\n<li><a href=\"http:\/\/www.probidadenchile.cl\/wp\/?p=124\">El dilema \u00e9tico de Chile<\/a><\/li>\n<li><a href=\"http:\/\/www.probidadenchile.cl\/wp\/?p=126\">En Chile la justicia es lenta, pero no llega<\/a><\/li>\n<li><a href=\" http:\/\/www.probidadenchile.cl\/wp\/?p=128\">Equidad carcelaria<\/a><\/li>\n<li><a href=\"http:\/\/www.probidadenchile.cl\/wp\/?p=130\">El Instituto Nacional de Derechos Humanos<\/a><\/li>\n<li><a href=\"http:\/\/www.probidadenchile.cl\/wp\/?p=132\">La derecha chilena y los derechos humanos<\/a><\/li>\n<li><a href=\"http:\/\/www.probidadenchile.cl\/wp\/?p=134\">Homenaje a Clotario Blest<\/a><\/li>\n<li><a href=\"http:\/\/www.probidadenchile.cl\/wp\/?p=136\">Blanca y Zamora<\/a><img loading=\"lazy\" decoding=\"async\" class=\"alignright wp-image-719\" src=\"http:\/\/www.probidadenchile.cl\/wp\/wp-content\/uploads\/telecomp.jpg\" alt=\"telecomp\" width=\"121\" height=\"172\" \/><\/li>\n<li><a href=\"http:\/\/www.probidadenchile.cl\/wp\/etica-y-municipio-como-organo-del-estado\/\">La \u00e9tica y el municipio como \u00f3rgano del Estado<\/a><\/li>\n<li><a href=\"http:\/\/www.probidadenchile.cl\/wp\/los-mandarines-indemnizados\/\">Los mandarines indemnizados<\/a><\/li>\n<\/ul>\n<p>&nbsp;<\/p>\n","protected":false},"excerpt":{"rendered":"<p>Art\u00edculos de Derechos Humanos, especialmente sobre violaciones a esos derechos. Informes presentados ante algunas instituciones. Los \u00faltimos son: sobre el Instituto Nacional de Derechos Humanos y las maniobras de Viera-Gallo, donde se olvidan los principios y se acepta &#8220;lo posible&#8221;. Se coloc\u00f3 el 15 de septiembre de 2007. El 10 de octubre del 2007 se [&hellip;]<\/p>\n","protected":false},"author":1,"featured_media":0,"parent":1292,"menu_order":0,"comment_status":"closed","ping_status":"open","template":"","meta":{"footnotes":""},"class_list":["post-438","page","type-page","status-publish","hentry"],"_links":{"self":[{"href":"https:\/\/www.probidadenchile.cl\/wp\/wp-json\/wp\/v2\/pages\/438","targetHints":{"allow":["GET"]}}],"collection":[{"href":"https:\/\/www.probidadenchile.cl\/wp\/wp-json\/wp\/v2\/pages"}],"about":[{"href":"https:\/\/www.probidadenchile.cl\/wp\/wp-json\/wp\/v2\/types\/page"}],"author":[{"embeddable":true,"href":"https:\/\/www.probidadenchile.cl\/wp\/wp-json\/wp\/v2\/users\/1"}],"replies":[{"embeddable":true,"href":"https:\/\/www.probidadenchile.cl\/wp\/wp-json\/wp\/v2\/comments?post=438"}],"version-history":[{"count":12,"href":"https:\/\/www.probidadenchile.cl\/wp\/wp-json\/wp\/v2\/pages\/438\/revisions"}],"predecessor-version":[{"id":1425,"href":"https:\/\/www.probidadenchile.cl\/wp\/wp-json\/wp\/v2\/pages\/438\/revisions\/1425"}],"up":[{"embeddable":true,"href":"https:\/\/www.probidadenchile.cl\/wp\/wp-json\/wp\/v2\/pages\/1292"}],"wp:attachment":[{"href":"https:\/\/www.probidadenchile.cl\/wp\/wp-json\/wp\/v2\/media?parent=438"}],"curies":[{"name":"wp","href":"https:\/\/api.w.org\/{rel}","templated":true}]}}